{"id":7707,"date":"2024-07-13T09:49:15","date_gmt":"2024-07-13T09:49:15","guid":{"rendered":"https:\/\/ceegs2024.uop.gr\/ceegs2024\/?page_id=7707"},"modified":"2025-06-09T08:26:05","modified_gmt":"2025-06-09T08:26:05","slug":"workshops","status":"publish","type":"page","link":"https:\/\/ceegs2024.uop.gr\/ceegs2024\/workshops\/","title":{"rendered":"Workshops"},"content":{"rendered":"<section id=\"workshops\" style=\"padding: 50px 0; background-color: #eef1f5; text-align: center;\">\n<div class=\"container\" style=\"max-width: 1200px; margin: 0 auto;\">\n<h2 style=\"margin-bottom: 30px; font-size: 2em;\">Workshops<\/h2>\n<p style=\"font-size: 16px; margin-bottom: 30px; color: rgba(69,100,155,255);\">Workshop Details:<\/p>\n<p style=\"font-size: 16px; margin-bottom: 30px; color: rgba(69,100,155,255);\">We are excited to announce the final list of workshops for CEEGS 2024, taking place on the third day of the conference. Due to limited capacity (20-25 participants per workshop), we encourage you to reserve your spot as soon as possible. If you are interested in attending a workshop, please contact the respective workshop organizers by <strong>September 30<\/strong>, <strong>2024<\/strong>, to secure your seat.<\/p>\n<p style=\"font-size: 16px; margin-bottom: 30px; color: rgba(69,100,155,255);\">For those attending only workshops, please note that you can take advantage of the early bird fee if you register by the deadline (<strong>September 30<\/strong>).<\/p>\n<p style=\"font-size: 16px; margin-bottom: 30px; color: rgba(69,100,155,255);\">Thank you for your interest, and we look forward to an engaging experience!<\/p>\n\n<div class=\"workshops\" style=\"display: flex; flex-wrap: wrap; justify-content: space-around; gap: 20px;\">\n<div class=\"workshop\" style=\"background-color: #ffffff; padding: 20px; border-radius: 10px; box-shadow: 0 4px 8px rgba(0, 0, 0, 0.1); width: 300px; transition: transform 0.3s ease, box-shadow 0.3s ease;\">\n<h3 style=\"font-size: 16px; margin: 0 0 10px; color: rgba(69,100,155,255);\">How Applicable Is the Folk Concept for Critical Studies of Games, Play, and Game Design? A Collective Attempt to Make Sense of a Complex Field.<\/h3>\n<p style=\"font-size: 14px; margin: 0 0 10px;\"><span style=\"color: rgba(157,145,117,255);\">Organizers:<\/span> Astrid Ensslin (UR) &amp; Holger P\u00f6tzsch (UiT)<\/p>\n<p style=\"font-size: 14px; margin: 0 0 10px;\"><span style=\"color: rgba(157,145,117,255);\">Mail:<\/span> <a style=\"color: rgba(69,100,155,255);\" href=\"mailto:holger.potzsch@uit.no\">holger.potzsch@uit.no<\/a>, <a style=\"color: rgba(69,100,155,255);\" href=\"mailto:astrid.ensslin@ur.de\">astrid.ensslin@ur.de<\/a><\/p>\n<p style=\"font-size: 14px; margin: 0 0 10px;\"><span style=\"color: rgba(157,145,117,255);\">CFP:<\/span> <a style=\"color: rgba(69,100,155,255);\" href=\"https:\/\/drive.google.com\/file\/d\/1hoHWcpRYMObitfFp9xCE7X5CnrkyYFso\/view?usp=sharing\">View CFP<\/a><\/p>\n\n<\/div>\n<div class=\"workshop\" style=\"background-color: #ffffff; padding: 20px; border-radius: 10px; box-shadow: 0 4px 8px rgba(0, 0, 0, 0.1); width: 300px; transition: transform 0.3s ease, box-shadow 0.3s ease;\">\n<h3 style=\"font-size: 16px; margin: 0 0 10px; color: rgba(69,100,155,255);\">Performing Personality in Game Characters and Digital Narratives.<\/h3>\n<p style=\"font-size: 14px; margin: 0 0 10px;\"><span style=\"color: rgba(157,145,117,255);\">Organizers:<\/span> Katerina El Raheb (University of the Peloponnese), Anastasios Theodoropoulos (University of the Peloponnese), Giorgos Nikopoulos (Ionian University), Anthie Kolokotroni (Aegean University), Panagiotis Kyriakoulakos (Aegean University), Lori Kougioumtzian (University of the Peloponnese), Vilelmini Kalampratsidou (University of the Peloponnese), Spyros Vosinakis (Aegean University)<\/p>\n<p style=\"font-size: 14px; margin: 0 0 10px;\"><span style=\"color: rgba(157,145,117,255);\">Mail:<\/span> <a style=\"color: rgba(69,100,155,255);\" href=\"mailto:k.elraheb@go.uop.gr\">k.elraheb@go.uop.gr<\/a>, <a style=\"color: rgba(69,100,155,255);\" href=\"mailto:ttheodor@uop.gr\">ttheodor@uop.gr<\/a>, <a style=\"color: rgba(69,100,155,255);\" href=\"mailto:pank@aegean.gr\">pank@aegean.gr<\/a><\/p>\n<p style=\"font-size: 14px; margin: 0 0 10px;\"><span style=\"color: rgba(157,145,117,255);\">CFP:<\/span> <a style=\"color: rgba(69,100,155,255);\" href=\"https:\/\/drive.google.com\/file\/d\/1_lH_Ew3nx7rCO5p_uqqQ2CWHh_NjnbvV\/view?usp=sharing\">View CFP, <\/a><a href=\"https:\/\/ceegs2024.uop.gr\/ceegs2024\/mocap\/\">View CFP page<\/a><\/p>\n<p style=\"font-size: 14px; margin: 0 0 10px;\"><span style=\"color: rgba(157,145,117,255);\">Webpage:<\/span> <a style=\"color: rgba(69,100,155,255);\" href=\"https:\/\/users.uop.gr\/~hci-vr\/projects\/ceegs2024\/mocap\/\" target=\"_blank\" rel=\"noopener\">View page<\/a><\/p>\n\n<\/div>\n<div class=\"workshop\" style=\"background-color: #ffffff; padding: 20px; border-radius: 10px; box-shadow: 0 4px 8px rgba(0, 0, 0, 0.1); width: 300px; transition: transform 0.3s ease, box-shadow 0.3s ease;\">\n<h3 style=\"font-size: 16px; margin: 0 0 10px; color: rgba(69,100,155,255);\">From Play to Display: Reimagining Video Games Curation and Exhibition.<\/h3>\n<p style=\"font-size: 14px; margin: 0 0 10px;\"><span style=\"color: rgba(157,145,117,255);\">Organizers:<\/span> Dr. Vered Pnueli (Shenkar College of Engineering and Design), Matthias Oborski (Computer SpieleMuseum, Berlin), Dr. Renard Gluzman (Shenkar College of Engineering and Design), Professor Architect Yael Moria (Moria Architects, Studio MA)<\/p>\n<p style=\"font-size: 14px; margin: 0 0 10px;\"><span style=\"color: rgba(157,145,117,255);\">Mail:<\/span> <a style=\"color: rgba(69,100,155,255);\" href=\"mailto:vered_pnueli@shenkar.ac.il\">vered_pnueli@shenkar.ac.il<\/a><\/p>\n<p style=\"font-size: 14px; margin: 0 0 10px;\"><span style=\"color: rgba(157,145,117,255);\">CFP:<\/span> <a style=\"color: rgba(69,100,155,255);\" href=\"https:\/\/drive.google.com\/file\/d\/1_5kQUhovAkaOUZ8Sq7hzJY-VW27Ey0gp\/view?usp=sharing\">View CFP<\/a><\/p>\n\n<\/div>\n<div class=\"workshop\" style=\"background-color: #ffffff; padding: 20px; border-radius: 10px; box-shadow: 0 4px 8px rgba(0, 0, 0, 0.1); width: 300px; transition: transform 0.3s ease, box-shadow 0.3s ease;\">\n<h3 style=\"font-size: 16px; margin: 0 0 10px; color: rgba(69,100,155,255);\">Biopolitical reimagining of games: understanding, identifying, and interpreting game biopolitics.<\/h3>\n<p style=\"font-size: 14px; margin: 0 0 10px;\"><span style=\"color: rgba(157,145,117,255);\">Organizers:<\/span> Micha\u0142 K\u0142osi\u0144ski (University of Silesia in Katowice) &amp; Agata Zarzycka (University of Wroc\u0142aw)<\/p>\n<p style=\"font-size: 14px; margin: 0 0 10px;\"><span style=\"color: rgba(157,145,117,255);\">Mail:<\/span> <a style=\"color: rgba(69,100,155,255);\" href=\"mailto:michal.klosinski@us.edu.pl\">michal.klosinski@us.edu.pl<\/a>, <a style=\"color: rgba(69,100,155,255);\" href=\"mailto:agata.zarzycka@uwr.edu.pl\">agata.zarzycka@uwr.edu.pl<\/a><\/p>\n<p style=\"font-size: 14px; margin: 0 0 10px;\"><span style=\"color: rgba(157,145,117,255);\">CFP:<\/span> <a style=\"color: rgba(69,100,155,255);\" href=\"https:\/\/drive.google.com\/file\/d\/1Dhps2JbUf4FI7UPUpA-9uoWAvKVeA7Jc\/view?usp=sharing\">View CFP<\/a><\/p>\n\n<\/div>\n<div class=\"workshop\" style=\"background-color: #ffffff; padding: 20px; border-radius: 10px; box-shadow: 0 4px 8px rgba(0, 0, 0, 0.1); width: 300px; transition: transform 0.3s ease, box-shadow 0.3s ease;\">\n<h3 style=\"font-size: 16px; margin: 0 0 10px; color: rgba(69,100,155,255);\">Art Games and Game-Based Art: Theoretical Frontiers and Critical Explorations.<\/h3>\n<p style=\"font-size: 14px; margin: 0 0 10px;\"><span style=\"color: rgba(157,145,117,255);\">Organizers:<\/span> Amalia Foka (University of Ioannina)<\/p>\n<p style=\"font-size: 14px; margin: 0 0 10px;\"><span style=\"color: rgba(157,145,117,255);\">Mail:<\/span> <a style=\"color: rgba(69,100,155,255);\" href=\"mailto:afoka@uoi.gr\">afoka@uoi.gr<\/a><\/p>\n<p style=\"font-size: 14px; margin: 0 0 10px;\"><span style=\"color: rgba(157,145,117,255);\">CFP:<\/span> <a style=\"color: rgba(69,100,155,255);\" href=\"https:\/\/drive.google.com\/file\/d\/15YFiD_bRgdcNjjexlQZzyNj_mkEr3Q8y\/view?usp=sharing\">View CFP<\/a><\/p>\n<p style=\"font-size: 14px; margin: 0 0 10px;\"><span style=\"color: rgba(157,145,117,255);\">Webpage:<\/span> <a style=\"color: rgba(69,100,155,255);\" href=\"https:\/\/sites.google.com\/view\/aggb-ceegs-2024\/\">View page<\/a><\/p>\n\n<\/div>\n<div class=\"workshop\" style=\"background-color: #ffffff; padding: 20px; border-radius: 10px; box-shadow: 0 4px 8px rgba(0, 0, 0, 0.1); width: 300px; transition: transform 0.3s ease, box-shadow 0.3s ease;\">\n<h3 style=\"font-size: 16px; margin: 0 0 10px; color: rgba(69,100,155,255);\">Video Games in STEAM and as STEAM: Learning and Innovating Through Play.<\/h3>\n<p style=\"font-size: 14px; margin: 0 0 10px;\"><span style=\"color: rgba(157,145,117,255);\">Organizers:<\/span> Kostas Karpouzis, Elina Roinioti, Iro Voulgari<\/p>\n<p style=\"font-size: 14px; margin: 0 0 10px;\"><span style=\"color: rgba(157,145,117,255);\">Mail:<\/span> <a style=\"color: rgba(69,100,155,255);\" href=\"mailto:kkarpou@panteion.gr\">kkarpou@panteion.gr<\/a><\/p>\n<p style=\"font-size: 14px; margin: 0 0 10px;\"><span style=\"color: rgba(157,145,117,255);\">CFP: <a href=\"https:\/\/drive.google.com\/file\/d\/1A9qguID1KW2pCC6y_1JZVM09X4cAMYe5\/view?usp=sharing\">View CFP <\/a><\/span><\/p>\n\n<\/div>\n<\/div>\n<\/div>\n<\/section>","protected":false},"excerpt":{"rendered":"<p>Workshops Workshop Details: We are excited to announce the final list of workshops for CEEGS 2024, taking place on the third day of the conference. Due to limited capacity (20-25 participants per workshop), we encourage you to reserve your spot as soon as possible. If you are interested in attending a workshop, please contact the [&hellip;]<\/p>\n","protected":false},"author":1,"featured_media":0,"parent":0,"menu_order":0,"comment_status":"closed","ping_status":"closed","template":"","meta":{"footnotes":""},"folder":[],"class_list":["post-7707","page","type-page","status-publish","hentry"],"_links":{"self":[{"href":"https:\/\/ceegs2024.uop.gr\/ceegs2024\/wp-json\/wp\/v2\/pages\/7707","targetHints":{"allow":["GET"]}}],"collection":[{"href":"https:\/\/ceegs2024.uop.gr\/ceegs2024\/wp-json\/wp\/v2\/pages"}],"about":[{"href":"https:\/\/ceegs2024.uop.gr\/ceegs2024\/wp-json\/wp\/v2\/types\/page"}],"author":[{"embeddable":true,"href":"https:\/\/ceegs2024.uop.gr\/ceegs2024\/wp-json\/wp\/v2\/users\/1"}],"replies":[{"embeddable":true,"href":"https:\/\/ceegs2024.uop.gr\/ceegs2024\/wp-json\/wp\/v2\/comments?post=7707"}],"version-history":[{"count":23,"href":"https:\/\/ceegs2024.uop.gr\/ceegs2024\/wp-json\/wp\/v2\/pages\/7707\/revisions"}],"predecessor-version":[{"id":8202,"href":"https:\/\/ceegs2024.uop.gr\/ceegs2024\/wp-json\/wp\/v2\/pages\/7707\/revisions\/8202"}],"wp:attachment":[{"href":"https:\/\/ceegs2024.uop.gr\/ceegs2024\/wp-json\/wp\/v2\/media?parent=7707"}],"wp:term":[{"taxonomy":"folder","embeddable":true,"href":"https:\/\/ceegs2024.uop.gr\/ceegs2024\/wp-json\/wp\/v2\/folder?post=7707"}],"curies":[{"name":"wp","href":"https:\/\/api.w.org\/{rel}","templated":true}]}}