{"id":7713,"date":"2024-07-15T07:55:32","date_gmt":"2024-07-15T07:55:32","guid":{"rendered":"https:\/\/ceegs2024.uop.gr\/ceegs2024\/?page_id=7713"},"modified":"2024-07-15T08:20:54","modified_gmt":"2024-07-15T08:20:54","slug":"danielle-brathwaite-shirley","status":"publish","type":"page","link":"https:\/\/ceegs2024.uop.gr\/ceegs2024\/danielle-brathwaite-shirley\/","title":{"rendered":"Danielle Brathwaite-Shirley"},"content":{"rendered":"<!-- Section with Image and Bio -->\r\n<section id=\"bio\" style=\"padding: 50px 0; background-color: #eef1f5; text-align: center;\">\r\n  <div class=\"container\" style=\"max-width: 800px; margin: 0 auto; text-align: left;\">\r\n    <!-- Image Block -->\r\n    <figure class=\"wp-block-image size-large\">\r\n      <img loading=\"lazy\" decoding=\"async\" width=\"1024\" height=\"576\" class=\"wp-image-7714\" style=\"aspect-ratio: 16\/9; object-fit: cover; width: 100%; border-radius: 10px;\" src=\"https:\/\/ceegs2024.uop.gr\/ceegs2024\/wp-content\/uploads\/2024\/07\/dbs_photo-1024x576.png\" alt=\"Danielle Brathwaite-Shirley\" srcset=\"https:\/\/ceegs2024.uop.gr\/ceegs2024\/wp-content\/uploads\/2024\/07\/dbs_photo-1024x576.png 1024w, https:\/\/ceegs2024.uop.gr\/ceegs2024\/wp-content\/uploads\/2024\/07\/dbs_photo-300x169.png 300w, https:\/\/ceegs2024.uop.gr\/ceegs2024\/wp-content\/uploads\/2024\/07\/dbs_photo-768x432.png 768w, https:\/\/ceegs2024.uop.gr\/ceegs2024\/wp-content\/uploads\/2024\/07\/dbs_photo-1536x864.png 1536w, https:\/\/ceegs2024.uop.gr\/ceegs2024\/wp-content\/uploads\/2024\/07\/dbs_photo-420x236.png 420w, https:\/\/ceegs2024.uop.gr\/ceegs2024\/wp-content\/uploads\/2024\/07\/dbs_photo-1200x675.png 1200w, https:\/\/ceegs2024.uop.gr\/ceegs2024\/wp-content\/uploads\/2024\/07\/dbs_photo.png 1920w\" sizes=\"auto, (max-width: 1024px) 100vw, 1024px\" \/>\r\n    <\/figure>\r\n    \r\n    <!-- Bio Paragraphs -->\r\n    <div style=\"margin-top: 20px;\">\r\n      <p style=\"color: rgba(69,100,155,255); font-size: 1.2em;\">Danielle Brathwaite-Shirley (b. 1995, London) is a Berlin\/London-based artist.<\/p>\r\n      <p style=\"color: rgba(69,100,155,255); font-size: 1.2em;\">They received a BA from the Slade School of Fine Art, London in 2019.<\/p>\r\n      <p style=\"color: rgba(69,100,155,255); font-size: 1.2em;\">Brathwaite-Shirley works predominantly in animation, sound, performance, and video game development. Their practice focuses on intertwining lived experience with fiction to imaginatively retell the stories of Black Trans people.<\/p>\r\n      <p style=\"color: rgba(69,100,155,255); font-size: 1.2em;\">Danielle\u2019s work has been the subject of solo exhibitions and performances at institutions such as Studio Voltaire (2024), SCAD, Savanna (2023) Artnight Dundee (2023) Villa Arson, Nice (2023) Fact, Liverpool (2022) David Kordansky, LA (2022) Project Arts Centre, Ireland (2022); Sk\u00e4nes konstf\u00f6rening, Malm\u00f6, Sweden (2022); Arebyte Gallery, London (2021); QUAD, Derby, England (2021); Albright-Knox Art Gallery, Buffalo (2021); Focal Point Gallery, London (2020); Science Gallery, London (2020); and MU Hybrid Art House, London (2020).<\/p>\r\n      <p style=\"color: rgba(69,100,155,255); font-size: 1.2em;\">Their work has been included in group exhibitions at institutions such as Julia Stoschek Foundation, Berlin (2022); M\u00fcnchner Kammerspiele, Munich (2019); Les Urbaines, Lausanne (2019); and Barbican, London (2018).<\/p>\r\n      <p style=\"color: rgba(157,145,117,255); font-size: 1.2em;\"><a href=\"https:\/\/www.daniellebrathwaiteshirley.com\" style=\"color: rgba(157,145,117,255); text-decoration: none;\">https:\/\/www.daniellebrathwaiteshirley.com<\/a><\/p>\r\n    <\/div>\r\n  <\/div>\r\n<\/section>\r\n","protected":false},"excerpt":{"rendered":"<p>Danielle Brathwaite-Shirley (b. 1995, London) is a Berlin\/London-based artist. They received a BA from the Slade School of Fine Art, London in 2019. Brathwaite-Shirley works predominantly in animation, sound, performance, and video game development. Their practice focuses on intertwining lived experience with fiction to imaginatively retell the stories of Black Trans people. Danielle\u2019s work has [&hellip;]<\/p>\n","protected":false},"author":1,"featured_media":0,"parent":0,"menu_order":0,"comment_status":"closed","ping_status":"closed","template":"","meta":{"footnotes":""},"folder":[],"class_list":["post-7713","page","type-page","status-publish","hentry"],"_links":{"self":[{"href":"https:\/\/ceegs2024.uop.gr\/ceegs2024\/wp-json\/wp\/v2\/pages\/7713","targetHints":{"allow":["GET"]}}],"collection":[{"href":"https:\/\/ceegs2024.uop.gr\/ceegs2024\/wp-json\/wp\/v2\/pages"}],"about":[{"href":"https:\/\/ceegs2024.uop.gr\/ceegs2024\/wp-json\/wp\/v2\/types\/page"}],"author":[{"embeddable":true,"href":"https:\/\/ceegs2024.uop.gr\/ceegs2024\/wp-json\/wp\/v2\/users\/1"}],"replies":[{"embeddable":true,"href":"https:\/\/ceegs2024.uop.gr\/ceegs2024\/wp-json\/wp\/v2\/comments?post=7713"}],"version-history":[{"count":4,"href":"https:\/\/ceegs2024.uop.gr\/ceegs2024\/wp-json\/wp\/v2\/pages\/7713\/revisions"}],"predecessor-version":[{"id":7725,"href":"https:\/\/ceegs2024.uop.gr\/ceegs2024\/wp-json\/wp\/v2\/pages\/7713\/revisions\/7725"}],"wp:attachment":[{"href":"https:\/\/ceegs2024.uop.gr\/ceegs2024\/wp-json\/wp\/v2\/media?parent=7713"}],"wp:term":[{"taxonomy":"folder","embeddable":true,"href":"https:\/\/ceegs2024.uop.gr\/ceegs2024\/wp-json\/wp\/v2\/folder?post=7713"}],"curies":[{"name":"wp","href":"https:\/\/api.w.org\/{rel}","templated":true}]}}